{"id":2,"date":"2023-12-29T01:48:25","date_gmt":"2023-12-29T01:48:25","guid":{"rendered":"https:\/\/podcasty.polvision.com\/?page_id=2"},"modified":"2023-12-29T03:46:41","modified_gmt":"2023-12-29T03:46:41","slug":"sample-page","status":"publish","type":"page","link":"https:\/\/podcasty.polvision.com\/index.php\/sample-page\/","title":{"rendered":"Programy Telewizyjne TV Polvision"},"content":{"rendered":"\r\n<div class=\"moto-widget moto-widget-row moto-spacing-top-auto moto-spacing-right-auto moto-spacing-bottom-auto moto-spacing-left-auto\" style=\"text-align: left;\" data-grid-type=\"md\" data-widget=\"row\" data-visible-on=\"-\" data-spacing=\"aaaa\" data-bg-position=\"left top\">\r\n<div class=\"container-fluid\">\r\n<div class=\"row\" data-container=\"container\">\r\n<div class=\"moto-widget moto-widget-row__column moto-cell col-md-12 moto-spacing-top-auto moto-spacing-right-auto moto-spacing-bottom-auto moto-spacing-left-auto\" data-enabled-side-spacing=\"false\" data-widget=\"row.column\" data-container=\"container\" data-spacing=\"aaaa\" data-bg-position=\"left top\">\r\n<div class=\"moto-widget moto-widget-text moto-preset-default moto-spacing-top-small moto-spacing-right-small moto-spacing-bottom-small moto-spacing-left-auto\" data-widget=\"text\" data-preset=\"default\" data-spacing=\"sssa\" data-visible-on=\"-\" data-animation=\"\">\r\n<div class=\"moto-widget-text-content moto-widget-text-editable\">\u00a0<\/div>\r\n<\/div>\r\n<\/div>\r\n<\/div>\r\n<\/div>\r\n<\/div>\r\n<div class=\"moto-widget moto-widget-text moto-preset-default moto-spacing-top-auto moto-spacing-right-auto moto-spacing-bottom-small moto-spacing-left-auto\" data-widget=\"text\" data-preset=\"default\" data-spacing=\"aasa\" data-visible-on=\"-\" data-animation=\"\">\r\n<div class=\"moto-widget-text-content moto-widget-text-editable\">\r\n<p class=\"moto-text_system_10\" style=\"text-align: left;\"><strong>Us\u0142ugi Produkcyjne<\/strong><\/p>\r\n<\/div>\r\n<\/div>\r\n<div class=\"moto-widget moto-widget-spacer moto-preset-default moto-spacing-top-auto moto-spacing-right-auto moto-spacing-bottom-auto moto-spacing-left-auto \" data-widget-id=\"wid_1703703685_r4iy8ov8z\" data-widget=\"spacer\" data-preset=\"default\" data-spacing=\"aaaa\" data-visible-on=\"+desktop,tablet,mobile-h,mobile-v\">\r\n<div class=\"moto-widget-spacer-block\" style=\"text-align: left;\">Chcesz uwieczni\u0107 swoje wydarzenie? Nagra\u0107 rozmow\u0119 z wa\u017cnym go\u015bciem lub epizod podkastu?<\/div>\r\n<\/div>\r\n<div class=\"moto-widget moto-widget-text moto-preset-default moto-spacing-top-auto moto-spacing-right-small moto-spacing-bottom-auto moto-spacing-left-auto\" data-widget=\"text\" data-preset=\"default\" data-spacing=\"asaa\" data-visible-on=\"-\" data-animation=\"\">\r\n<div class=\"moto-widget-text-content moto-widget-text-editable\">\r\n<p class=\"moto-text_system_13\" style=\"text-align: left;\"><strong><span class=\"moto-color_custom1\">Skontaktuj si\u0119 z nami \u2013 profesjonalnie i ekonomicznie zrealizujemy twoje zlecenie.<\/span><\/strong><\/p>\r\n<p>KONTAKT Z REDAKCJA<\/p>\r\n<p>Tel. \u00a0773-588-6300<\/p>\r\n<\/div>\r\n<\/div>\r\n","protected":false},"excerpt":{"rendered":"<p>\u00a0 Us\u0142ugi Produkcyjne Chcesz uwieczni\u0107 swoje wydarzenie? Nagra\u0107 rozmow\u0119 z wa\u017cnym go\u015bciem lub epizod podkastu?&#8230;<\/p>\n","protected":false},"author":1,"featured_media":0,"parent":0,"menu_order":0,"comment_status":"closed","ping_status":"open","template":"","meta":{"footnotes":""},"class_list":["post-2","page","type-page","status-publish","hentry"],"_links":{"self":[{"href":"https:\/\/podcasty.polvision.com\/index.php\/wp-json\/wp\/v2\/pages\/2","targetHints":{"allow":["GET"]}}],"collection":[{"href":"https:\/\/podcasty.polvision.com\/index.php\/wp-json\/wp\/v2\/pages"}],"about":[{"href":"https:\/\/podcasty.polvision.com\/index.php\/wp-json\/wp\/v2\/types\/page"}],"author":[{"embeddable":true,"href":"https:\/\/podcasty.polvision.com\/index.php\/wp-json\/wp\/v2\/users\/1"}],"replies":[{"embeddable":true,"href":"https:\/\/podcasty.polvision.com\/index.php\/wp-json\/wp\/v2\/comments?post=2"}],"version-history":[{"count":6,"href":"https:\/\/podcasty.polvision.com\/index.php\/wp-json\/wp\/v2\/pages\/2\/revisions"}],"predecessor-version":[{"id":3450,"href":"https:\/\/podcasty.polvision.com\/index.php\/wp-json\/wp\/v2\/pages\/2\/revisions\/3450"}],"wp:attachment":[{"href":"https:\/\/podcasty.polvision.com\/index.php\/wp-json\/wp\/v2\/media?parent=2"}],"curies":[{"name":"wp","href":"https:\/\/api.w.org\/{rel}","templated":true}]}}